{"id":22898,"date":"2025-06-11T16:44:59","date_gmt":"2025-06-11T16:44:59","guid":{"rendered":"https:\/\/haromgalamb.com\/tamogatas\/"},"modified":"2025-07-02T16:20:56","modified_gmt":"2025-07-02T16:20:56","slug":"tamogatas","status":"publish","type":"page","link":"https:\/\/haromgalamb.com\/hu\/tamogatas\/","title":{"rendered":"T\u00e1mogat\u00e1s"},"content":{"rendered":"\t\t<div data-elementor-type=\"wp-page\" data-elementor-id=\"22898\" class=\"elementor elementor-22898 elementor-22129\" data-elementor-post-type=\"page\">\n\t\t\t\t\t\t<section class=\"elementor-section elementor-top-section elementor-element elementor-element-500c5e9 elementor-section-boxed elementor-section-height-default elementor-section-height-default\" data-id=\"500c5e9\" data-element_type=\"section\" data-e-type=\"section\" data-settings=\"{&quot;background_background&quot;:&quot;classic&quot;}\">\n\t\t\t\t\t\t<div class=\"elementor-container elementor-column-gap-extended\">\n\t\t\t\t\t<div class=\"elementor-column elementor-col-100 elementor-top-column elementor-element elementor-element-40e4d85\" data-id=\"40e4d85\" data-element_type=\"column\" data-e-type=\"column\">\n\t\t\t<div class=\"elementor-widget-wrap elementor-element-populated\">\n\t\t\t\t\t\t<div class=\"elementor-element elementor-element-4da608e elementor-widget elementor-widget-heading\" data-id=\"4da608e\" data-element_type=\"widget\" data-e-type=\"widget\" data-widget_type=\"heading.default\">\n\t\t\t\t<div class=\"elementor-widget-container\">\n\t\t\t\t\t<h2 class=\"elementor-heading-title elementor-size-default\">T\u00e1mogat\u00e1s<\/h2>\t\t\t\t<\/div>\n\t\t\t\t<\/div>\n\t\t\t\t\t<\/div>\n\t\t<\/div>\n\t\t\t\t\t<\/div>\n\t\t<\/section>\n\t\t\t\t<section class=\"elementor-section elementor-top-section elementor-element elementor-element-fa31c2e elementor-section-content-top elementor-section-boxed elementor-section-height-default elementor-section-height-default\" data-id=\"fa31c2e\" data-element_type=\"section\" data-e-type=\"section\">\n\t\t\t\t\t\t<div class=\"elementor-container elementor-column-gap-extended\">\n\t\t\t\t\t<div class=\"elementor-column elementor-col-50 elementor-top-column elementor-element elementor-element-41ee847\" data-id=\"41ee847\" data-element_type=\"column\" data-e-type=\"column\">\n\t\t\t<div class=\"elementor-widget-wrap elementor-element-populated\">\n\t\t\t\t\t\t<div class=\"elementor-element elementor-element-c7b30f3 elementor-icon-list--layout-traditional elementor-list-item-link-full_width elementor-widget elementor-widget-icon-list\" data-id=\"c7b30f3\" data-element_type=\"widget\" data-e-type=\"widget\" data-widget_type=\"icon-list.default\">\n\t\t\t\t<div class=\"elementor-widget-container\">\n\t\t\t\t\t\t\t<ul class=\"elementor-icon-list-items\">\n\t\t\t\t\t\t\t<li class=\"elementor-icon-list-item\">\n\t\t\t\t\t\t\t\t\t\t\t<a href=\"https:\/\/haromgalamb.com\/hu\/sorsfordito-tortenetek\/\">\n\n\t\t\t\t\t\t\t\t\t\t\t\t<span class=\"elementor-icon-list-icon\">\n\t\t\t\t\t\t\t<i aria-hidden=\"true\" class=\"fas fa-greater-than\"><\/i>\t\t\t\t\t\t<\/span>\n\t\t\t\t\t\t\t\t\t\t<span class=\"elementor-icon-list-text\">Adom\u00e1ny\u00e1t biztons\u00e1gosan \u00e9s egyszer\u0171en eljuttathatja hozz\u00e1nk az oldalon tal\u00e1lhat\u00f3 linken kereszt\u00fcl \u2013 ak\u00e1r egyszeri t\u00e1mogat\u00e1sk\u00e9nt, ak\u00e1r rendszeres hozz\u00e1j\u00e1rul\u00e1s form\u00e1j\u00e1ban.<\/span>\n\t\t\t\t\t\t\t\t\t\t\t<\/a>\n\t\t\t\t\t\t\t\t\t<\/li>\n\t\t\t\t\t\t\t\t<li class=\"elementor-icon-list-item\">\n\t\t\t\t\t\t\t\t\t\t\t<span class=\"elementor-icon-list-icon\">\n\t\t\t\t\t\t\t<i aria-hidden=\"true\" class=\"fas fa-greater-than\"><\/i>\t\t\t\t\t\t<\/span>\n\t\t\t\t\t\t\t\t\t\t<span class=\"elementor-icon-list-text\">Nem t\u00e1roljuk \u00e9s nem adjuk tov\u00e1bb adatait harmadik f\u00e9lnek.<\/span>\n\t\t\t\t\t\t\t\t\t<\/li>\n\t\t\t\t\t\t\t\t<li class=\"elementor-icon-list-item\">\n\t\t\t\t\t\t\t\t\t\t\t<span class=\"elementor-icon-list-icon\">\n\t\t\t\t\t\t\t<i aria-hidden=\"true\" class=\"fas fa-greater-than\"><\/i>\t\t\t\t\t\t<\/span>\n\t\t\t\t\t\t\t\t\t\t<span class=\"elementor-icon-list-text\">Ha \u00d6n brit ad\u00f3fizet\u0151, lehet\u0151s\u00e9ge van Gift Aid keret\u00e9ben t\u00e1mogatni minket \u2013 ez kiv\u00e1l\u00f3 m\u00f3dja annak, hogy adom\u00e1nya m\u00e9g nagyobb hat\u00e1ssal b\u00edrjon.<\/span>\n\t\t\t\t\t\t\t\t\t<\/li>\n\t\t\t\t\t\t\t\t<li class=\"elementor-icon-list-item\">\n\t\t\t\t\t\t\t\t\t\t\t<span class=\"elementor-icon-list-icon\">\n\t\t\t\t\t\t\t<i aria-hidden=\"true\" class=\"fas fa-greater-than\"><\/i>\t\t\t\t\t\t<\/span>\n\t\t\t\t\t\t\t\t\t\t<span class=\"elementor-icon-list-text\">P\u00e9ld\u00e1ul egy 40 fontos adom\u00e1ny Gift Aid-del 50 fontra emelkedik (alap ad\u00f3s\u00e1v eset\u00e9n).<\/span>\n\t\t\t\t\t\t\t\t\t<\/li>\n\t\t\t\t\t\t\t\t<li class=\"elementor-icon-list-item\">\n\t\t\t\t\t\t\t\t\t\t\t<span class=\"elementor-icon-list-icon\">\n\t\t\t\t\t\t\t<i aria-hidden=\"true\" class=\"fas fa-greater-than\"><\/i>\t\t\t\t\t\t<\/span>\n\t\t\t\t\t\t\t\t\t\t<span class=\"elementor-icon-list-text\">K\u00e9pzelj\u00e9k el - ha 100 ember havi 40 fontot adom\u00e1nyozna egy \u00e9ven kereszt\u00fcl (Gift Aid-el), akkor egy \u00e9v alatt \u00f6sszegy\u0171lne a 60.000 fontos c\u00e9l\u00f6sszeg!<\/span>\n\t\t\t\t\t\t\t\t\t<\/li>\n\t\t\t\t\t\t<\/ul>\n\t\t\t\t\t\t<\/div>\n\t\t\t\t<\/div>\n\t\t\t\t\t<\/div>\n\t\t<\/div>\n\t\t\t\t<div class=\"elementor-column elementor-col-50 elementor-top-column elementor-element elementor-element-7e2abff\" data-id=\"7e2abff\" data-element_type=\"column\" data-e-type=\"column\">\n\t\t\t<div class=\"elementor-widget-wrap elementor-element-populated\">\n\t\t\t\t\t\t<div class=\"elementor-element elementor-element-d1a5b12 elementor-widget-tablet__width-initial elementor-widget elementor-widget-html\" data-id=\"d1a5b12\" data-element_type=\"widget\" data-e-type=\"widget\" data-widget_type=\"html.default\">\n\t\t\t\t<div class=\"elementor-widget-container\">\n\t\t\t\t\t<script src=\"https:\/\/donorbox.org\/widget.js\" paypalexpress=\"false\"><\/script><iframe src=\"https:\/\/donorbox.org\/embed\/harom-galamb-association\" name=\"donorbox\" allowpaymentrequest=\"allowpaymentrequest\" seamless=\"seamless\" frameborder=\"0\" scrolling=\"no\" height=\"900px\" width=\"100%\" style=\"max-width: 500px; min-width: 250px; max-height:none!important\"><\/iframe>\t\t\t\t<\/div>\n\t\t\t\t<\/div>\n\t\t\t\t\t<\/div>\n\t\t<\/div>\n\t\t\t\t\t<\/div>\n\t\t<\/section>\n\t\t\t\t<\/div>\n\t\t","protected":false},"excerpt":{"rendered":"<p>T\u00e1mogat\u00e1s Adom\u00e1ny\u00e1t biztons\u00e1gosan \u00e9s egyszer\u0171en eljuttathatja hozz\u00e1nk az oldalon tal\u00e1lhat\u00f3 linken kereszt\u00fcl \u2013 ak\u00e1r egyszeri t\u00e1mogat\u00e1sk\u00e9nt, ak\u00e1r rendszeres hozz\u00e1j\u00e1rul\u00e1s form\u00e1j\u00e1ban. Nem t\u00e1roljuk \u00e9s nem adjuk tov\u00e1bb adatait harmadik f\u00e9lnek. Ha \u00d6n brit ad\u00f3fizet\u0151, lehet\u0151s\u00e9ge van Gift Aid keret\u00e9ben t\u00e1mogatni minket \u2013 ez kiv\u00e1l\u00f3 m\u00f3dja annak, hogy adom\u00e1nya m\u00e9g nagyobb hat\u00e1ssal b\u00edrjon. P\u00e9ld\u00e1ul egy 40 fontos [&hellip;]<\/p>\n","protected":false},"author":1,"featured_media":0,"parent":0,"menu_order":0,"comment_status":"closed","ping_status":"closed","template":"elementor_header_footer","meta":{"_acf_changed":false,"footnotes":""},"class_list":["post-22898","page","type-page","status-publish","hentry","entry"],"acf":[],"_links":{"self":[{"href":"https:\/\/haromgalamb.com\/hu\/wp-json\/wp\/v2\/pages\/22898","targetHints":{"allow":["GET"]}}],"collection":[{"href":"https:\/\/haromgalamb.com\/hu\/wp-json\/wp\/v2\/pages"}],"about":[{"href":"https:\/\/haromgalamb.com\/hu\/wp-json\/wp\/v2\/types\/page"}],"author":[{"embeddable":true,"href":"https:\/\/haromgalamb.com\/hu\/wp-json\/wp\/v2\/users\/1"}],"replies":[{"embeddable":true,"href":"https:\/\/haromgalamb.com\/hu\/wp-json\/wp\/v2\/comments?post=22898"}],"version-history":[{"count":0,"href":"https:\/\/haromgalamb.com\/hu\/wp-json\/wp\/v2\/pages\/22898\/revisions"}],"wp:attachment":[{"href":"https:\/\/haromgalamb.com\/hu\/wp-json\/wp\/v2\/media?parent=22898"}],"curies":[{"name":"wp","href":"https:\/\/api.w.org\/{rel}","templated":true}]}}