{"id":22906,"date":"2025-06-03T12:51:16","date_gmt":"2025-06-03T12:51:16","guid":{"rendered":"https:\/\/haromgalamb.com\/kihivasaink\/"},"modified":"2025-07-02T16:17:44","modified_gmt":"2025-07-02T16:17:44","slug":"kihivasaink","status":"publish","type":"page","link":"https:\/\/haromgalamb.com\/hu\/kihivasaink\/","title":{"rendered":"Kih\u00edv\u00e1saink"},"content":{"rendered":"\t\t<div data-elementor-type=\"wp-page\" data-elementor-id=\"22906\" class=\"elementor elementor-22906 elementor-21874\" data-elementor-post-type=\"page\">\n\t\t\t\t\t\t<section class=\"elementor-section elementor-top-section elementor-element elementor-element-500c5e9 elementor-section-boxed elementor-section-height-default elementor-section-height-default\" data-id=\"500c5e9\" data-element_type=\"section\" data-e-type=\"section\" data-settings=\"{&quot;background_background&quot;:&quot;classic&quot;}\">\n\t\t\t\t\t\t<div class=\"elementor-container elementor-column-gap-extended\">\n\t\t\t\t\t<div class=\"elementor-column elementor-col-100 elementor-top-column elementor-element elementor-element-40e4d85\" data-id=\"40e4d85\" data-element_type=\"column\" data-e-type=\"column\">\n\t\t\t<div class=\"elementor-widget-wrap elementor-element-populated\">\n\t\t\t\t\t\t<div class=\"elementor-element elementor-element-4da608e elementor-widget elementor-widget-heading\" data-id=\"4da608e\" data-element_type=\"widget\" data-e-type=\"widget\" data-widget_type=\"heading.default\">\n\t\t\t\t<div class=\"elementor-widget-container\">\n\t\t\t\t\t<h2 class=\"elementor-heading-title elementor-size-default\">Kih\u00edv\u00e1saink \u00e9s sz\u00fcks\u00e9gleteink<\/h2>\t\t\t\t<\/div>\n\t\t\t\t<\/div>\n\t\t\t\t\t<\/div>\n\t\t<\/div>\n\t\t\t\t\t<\/div>\n\t\t<\/section>\n\t\t\t\t<section class=\"elementor-section elementor-top-section elementor-element elementor-element-fa31c2e elementor-section-content-middle elementor-section-boxed elementor-section-height-default elementor-section-height-default\" data-id=\"fa31c2e\" data-element_type=\"section\" data-e-type=\"section\">\n\t\t\t\t\t\t<div class=\"elementor-container elementor-column-gap-extended\">\n\t\t\t\t\t<div class=\"elementor-column elementor-col-100 elementor-top-column elementor-element elementor-element-41ee847\" data-id=\"41ee847\" data-element_type=\"column\" data-e-type=\"column\">\n\t\t\t<div class=\"elementor-widget-wrap elementor-element-populated\">\n\t\t\t\t\t\t<div class=\"elementor-element elementor-element-c7b30f3 elementor-icon-list--layout-traditional elementor-list-item-link-full_width elementor-widget elementor-widget-icon-list\" data-id=\"c7b30f3\" data-element_type=\"widget\" data-e-type=\"widget\" data-widget_type=\"icon-list.default\">\n\t\t\t\t<div class=\"elementor-widget-container\">\n\t\t\t\t\t\t\t<ul class=\"elementor-icon-list-items\">\n\t\t\t\t\t\t\t<li class=\"elementor-icon-list-item\">\n\t\t\t\t\t\t\t\t\t\t\t<span class=\"elementor-icon-list-icon\">\n\t\t\t\t\t\t\t<i aria-hidden=\"true\" class=\"fas fa-greater-than\"><\/i>\t\t\t\t\t\t<\/span>\n\t\t\t\t\t\t\t\t\t\t<span class=\"elementor-icon-list-text\">A Hargita Megyei Szoci\u00e1lis \u00e9s Gyermekv\u00e9delmi Igazgat\u00f3s\u00e1ggal szerz\u0151d\u00e9sben \u00e1llunk, mely \u00e9rtelm\u00e9ben hozz\u00e1j\u00e1rul\u00e1st fizet minden egyes fiatal feln\u0151tt ut\u00e1n, aki ig\u00e9nybe veszi szolg\u00e1ltat\u00e1sainkat.<\/span>\n\t\t\t\t\t\t\t\t\t<\/li>\n\t\t\t\t\t\t\t\t<li class=\"elementor-icon-list-item\">\n\t\t\t\t\t\t\t\t\t\t\t<span class=\"elementor-icon-list-icon\">\n\t\t\t\t\t\t\t<i aria-hidden=\"true\" class=\"fas fa-greater-than\"><\/i>\t\t\t\t\t\t<\/span>\n\t\t\t\t\t\t\t\t\t\t<span class=\"elementor-icon-list-text\">Am\u00edg nincs meg a kapacit\u00e1sunk, hogy ak\u00e1r 30 emberr\u0151l gondoskodjunk, addig a rendszeres kiad\u00e1saink meghaladj\u00e1k a bev\u00e9teleinket a jelenlegi 12 gondozott szem\u00e9ly eset\u00e9ben, mivel sok k\u00f6lts\u00e9g\u00fcnk el\u0151rehozott - pl. a szem\u00e9lyzet\/ell\u00e1tottak ar\u00e1nya magasabb, mint amilyen lesz, er\u0151forr\u00e1sra van sz\u00fcks\u00e9g az \u00e9p\u00edtkez\u00e9s ir\u00e1ny\u00edt\u00e1s\u00e1hoz \u00e9s a j\u00f3t\u00e9konys\u00e1gi szervezet b\u0151v\u00edt\u00e9s\u00e9hez, a gondozottak sz\u00e1ll\u00edt\u00e1si ig\u00e9nyei stb. miatt. - szok\u00e1sos indul\u00e1si\/n\u00f6veked\u00e9si probl\u00e9m\u00e1k.<\/span>\n\t\t\t\t\t\t\t\t\t<\/li>\n\t\t\t\t\t\t\t\t<li class=\"elementor-icon-list-item\">\n\t\t\t\t\t\t\t\t\t\t\t<span class=\"elementor-icon-list-icon\">\n\t\t\t\t\t\t\t<i aria-hidden=\"true\" class=\"fas fa-greater-than\"><\/i>\t\t\t\t\t\t<\/span>\n\t\t\t\t\t\t\t\t\t\t<span class=\"elementor-icon-list-text\">B\u00e1r nagylelk\u0171 adom\u00e1nyok fedezt\u00e9k a telekv\u00e1s\u00e1rl\u00e1st \u00e9s lehet\u0151v\u00e9 tett\u00e9k a c\u00e9lzottan \u00e9p\u00edtett ingatlan l\u00e9trehoz\u00e1s\u00e1t, b\u00fatorokra \u00e9s egy\u00e9b berendez\u00e9si t\u00e1rgyakra is sz\u00fcks\u00e9g\u00fcnk lesz.<\/span>\n\t\t\t\t\t\t\t\t\t<\/li>\n\t\t\t\t\t\t\t\t<li class=\"elementor-icon-list-item\">\n\t\t\t\t\t\t\t\t\t\t\t<span class=\"elementor-icon-list-icon\">\n\t\t\t\t\t\t\t<i aria-hidden=\"true\" class=\"fas fa-greater-than\"><\/i>\t\t\t\t\t\t<\/span>\n\t\t\t\t\t\t\t\t\t\t<span class=\"elementor-icon-list-text\"><b>Ez\u00e9rt k\u00f6r\u00fclbel\u00fcl 60.000 \u00a3 \u00f6sszeg\u0171 finansz\u00edroz\u00e1sra van sz\u00fcks\u00e9g\u00fcnk a k\u00f6vetkez\u0151 12 h\u00f3nap sor\u00e1n, hogy mindk\u00e9t k\u00f6lts\u00e9get fedezni tudjuk. <\/b><\/span>\n\t\t\t\t\t\t\t\t\t<\/li>\n\t\t\t\t\t\t<\/ul>\n\t\t\t\t\t\t<\/div>\n\t\t\t\t<\/div>\n\t\t\t\t\t<\/div>\n\t\t<\/div>\n\t\t\t\t\t<\/div>\n\t\t<\/section>\n\t\t\t\t<\/div>\n\t\t","protected":false},"excerpt":{"rendered":"<p>Kih\u00edv\u00e1saink \u00e9s sz\u00fcks\u00e9gleteink A Hargita Megyei Szoci\u00e1lis \u00e9s Gyermekv\u00e9delmi Igazgat\u00f3s\u00e1ggal szerz\u0151d\u00e9sben \u00e1llunk, mely \u00e9rtelm\u00e9ben hozz\u00e1j\u00e1rul\u00e1st fizet minden egyes fiatal feln\u0151tt ut\u00e1n, aki ig\u00e9nybe veszi szolg\u00e1ltat\u00e1sainkat. Am\u00edg nincs meg a kapacit\u00e1sunk, hogy ak\u00e1r 30 emberr\u0151l gondoskodjunk, addig a rendszeres kiad\u00e1saink meghaladj\u00e1k a bev\u00e9teleinket a jelenlegi 12 gondozott szem\u00e9ly eset\u00e9ben, mivel sok k\u00f6lts\u00e9g\u00fcnk el\u0151rehozott &#8211; pl. a [&hellip;]<\/p>\n","protected":false},"author":1,"featured_media":0,"parent":0,"menu_order":0,"comment_status":"closed","ping_status":"closed","template":"elementor_header_footer","meta":{"_acf_changed":false,"footnotes":""},"class_list":["post-22906","page","type-page","status-publish","hentry","entry"],"acf":[],"_links":{"self":[{"href":"https:\/\/haromgalamb.com\/hu\/wp-json\/wp\/v2\/pages\/22906","targetHints":{"allow":["GET"]}}],"collection":[{"href":"https:\/\/haromgalamb.com\/hu\/wp-json\/wp\/v2\/pages"}],"about":[{"href":"https:\/\/haromgalamb.com\/hu\/wp-json\/wp\/v2\/types\/page"}],"author":[{"embeddable":true,"href":"https:\/\/haromgalamb.com\/hu\/wp-json\/wp\/v2\/users\/1"}],"replies":[{"embeddable":true,"href":"https:\/\/haromgalamb.com\/hu\/wp-json\/wp\/v2\/comments?post=22906"}],"version-history":[{"count":0,"href":"https:\/\/haromgalamb.com\/hu\/wp-json\/wp\/v2\/pages\/22906\/revisions"}],"wp:attachment":[{"href":"https:\/\/haromgalamb.com\/hu\/wp-json\/wp\/v2\/media?parent=22906"}],"curies":[{"name":"wp","href":"https:\/\/api.w.org\/{rel}","templated":true}]}}