{"id":22945,"date":"2025-06-21T08:48:44","date_gmt":"2025-06-21T08:48:44","guid":{"rendered":"https:\/\/haromgalamb.com\/sorsfordito-tortenetek\/"},"modified":"2025-07-02T16:42:35","modified_gmt":"2025-07-02T16:42:35","slug":"sorsfordito-tortenetek","status":"publish","type":"page","link":"https:\/\/haromgalamb.com\/hu\/sorsfordito-tortenetek\/","title":{"rendered":"T\u00f6rt\u00e9netek"},"content":{"rendered":"\t\t<div data-elementor-type=\"wp-page\" data-elementor-id=\"22945\" class=\"elementor elementor-22945 elementor-22367\" data-elementor-post-type=\"page\">\n\t\t\t\t\t\t<section class=\"elementor-section elementor-top-section elementor-element elementor-element-500c5e9 elementor-section-boxed elementor-section-height-default elementor-section-height-default\" data-id=\"500c5e9\" data-element_type=\"section\" data-e-type=\"section\" data-settings=\"{&quot;background_background&quot;:&quot;classic&quot;}\">\n\t\t\t\t\t\t<div class=\"elementor-container elementor-column-gap-extended\">\n\t\t\t\t\t<div class=\"elementor-column elementor-col-100 elementor-top-column elementor-element elementor-element-40e4d85\" data-id=\"40e4d85\" data-element_type=\"column\" data-e-type=\"column\">\n\t\t\t<div class=\"elementor-widget-wrap elementor-element-populated\">\n\t\t\t\t\t\t<div class=\"elementor-element elementor-element-4da608e elementor-widget elementor-widget-heading\" data-id=\"4da608e\" data-element_type=\"widget\" data-e-type=\"widget\" data-widget_type=\"heading.default\">\n\t\t\t\t<div class=\"elementor-widget-container\">\n\t\t\t\t\t<h2 class=\"elementor-heading-title elementor-size-default\">T\u00f6rt\u00e9netek<\/h2>\t\t\t\t<\/div>\n\t\t\t\t<\/div>\n\t\t\t\t\t<\/div>\n\t\t<\/div>\n\t\t\t\t\t<\/div>\n\t\t<\/section>\n\t\t\t\t<section class=\"elementor-section elementor-top-section elementor-element elementor-element-fa31c2e elementor-section-content-middle elementor-section-boxed elementor-section-height-default elementor-section-height-default\" data-id=\"fa31c2e\" data-element_type=\"section\" data-e-type=\"section\">\n\t\t\t\t\t\t<div class=\"elementor-container elementor-column-gap-extended\">\n\t\t\t\t\t<div class=\"elementor-column elementor-col-100 elementor-top-column elementor-element elementor-element-c55ebf5\" data-id=\"c55ebf5\" data-element_type=\"column\" data-e-type=\"column\">\n\t\t\t<div class=\"elementor-widget-wrap elementor-element-populated\">\n\t\t\t\t\t\t<section class=\"elementor-section elementor-inner-section elementor-element elementor-element-12954e7 elementor-section-content-middle elementor-section-boxed elementor-section-height-default elementor-section-height-default\" data-id=\"12954e7\" data-element_type=\"section\" data-e-type=\"section\">\n\t\t\t\t\t\t<div class=\"elementor-container elementor-column-gap-extended\">\n\t\t\t\t\t<div class=\"elementor-column elementor-col-50 elementor-inner-column elementor-element elementor-element-951e06c\" data-id=\"951e06c\" data-element_type=\"column\" data-e-type=\"column\">\n\t\t\t<div class=\"elementor-widget-wrap elementor-element-populated\">\n\t\t\t\t\t\t<div class=\"elementor-element elementor-element-56b3fda elementor-invisible elementor-widget elementor-widget-image\" data-id=\"56b3fda\" data-element_type=\"widget\" data-e-type=\"widget\" data-settings=\"{&quot;motion_fx_motion_fx_scrolling&quot;:&quot;yes&quot;,&quot;motion_fx_scale_effect&quot;:&quot;yes&quot;,&quot;motion_fx_scale_speed&quot;:{&quot;unit&quot;:&quot;px&quot;,&quot;size&quot;:2,&quot;sizes&quot;:[]},&quot;_animation&quot;:&quot;fadeIn&quot;,&quot;motion_fx_scale_direction&quot;:&quot;out-in&quot;,&quot;motion_fx_scale_range&quot;:{&quot;unit&quot;:&quot;%&quot;,&quot;size&quot;:&quot;&quot;,&quot;sizes&quot;:{&quot;start&quot;:20,&quot;end&quot;:80}},&quot;motion_fx_devices&quot;:[&quot;desktop&quot;,&quot;tablet&quot;,&quot;mobile&quot;]}\" data-widget_type=\"image.default\">\n\t\t\t\t<div class=\"elementor-widget-container\">\n\t\t\t\t\t\t\t\t\t\t\t\t\t\t\t<img fetchpriority=\"high\" decoding=\"async\" width=\"2560\" height=\"1707\" src=\"https:\/\/haromgalamb.com\/wp-content\/uploads\/2025\/06\/Blanka-scaled.jpg\" class=\"attachment-full size-full wp-image-22931\" alt=\"\" srcset=\"https:\/\/haromgalamb.com\/wp-content\/uploads\/2025\/06\/Blanka-scaled.jpg 2560w, https:\/\/haromgalamb.com\/wp-content\/uploads\/2025\/06\/Blanka-300x200.jpg 300w, https:\/\/haromgalamb.com\/wp-content\/uploads\/2025\/06\/Blanka-1024x683.jpg 1024w, https:\/\/haromgalamb.com\/wp-content\/uploads\/2025\/06\/Blanka-768x512.jpg 768w, https:\/\/haromgalamb.com\/wp-content\/uploads\/2025\/06\/Blanka-1536x1024.jpg 1536w, https:\/\/haromgalamb.com\/wp-content\/uploads\/2025\/06\/Blanka-2048x1365.jpg 2048w, https:\/\/haromgalamb.com\/wp-content\/uploads\/2025\/06\/Blanka-1568x1045.jpg 1568w\" sizes=\"(max-width: 34.9rem) calc(100vw - 2rem), (max-width: 53rem) calc(8 * (100vw \/ 12)), (min-width: 53rem) calc(6 * (100vw \/ 12)), 100vw\" \/>\t\t\t\t\t\t\t\t\t\t\t\t\t\t\t<\/div>\n\t\t\t\t<\/div>\n\t\t\t\t\t<\/div>\n\t\t<\/div>\n\t\t\t\t<div class=\"elementor-column elementor-col-50 elementor-inner-column elementor-element elementor-element-226ab9c\" data-id=\"226ab9c\" data-element_type=\"column\" data-e-type=\"column\">\n\t\t\t<div class=\"elementor-widget-wrap elementor-element-populated\">\n\t\t\t\t\t\t<div class=\"elementor-element elementor-element-99607dd elementor-invisible elementor-widget elementor-widget-heading\" data-id=\"99607dd\" data-element_type=\"widget\" data-e-type=\"widget\" data-settings=\"{&quot;_animation&quot;:&quot;fadeInUp&quot;}\" data-widget_type=\"heading.default\">\n\t\t\t\t<div class=\"elementor-widget-container\">\n\t\t\t\t\t<h2 class=\"elementor-heading-title elementor-size-default\">Blanka<\/h2>\t\t\t\t<\/div>\n\t\t\t\t<\/div>\n\t\t\t\t<div class=\"elementor-element elementor-element-9836d84 elementor-invisible elementor-widget elementor-widget-text-editor\" data-id=\"9836d84\" data-element_type=\"widget\" data-e-type=\"widget\" data-settings=\"{&quot;_animation&quot;:&quot;fadeInUp&quot;}\" data-widget_type=\"text-editor.default\">\n\t\t\t\t<div class=\"elementor-widget-container\">\n\t\t\t\t\t\t\t\t\t<p>Blanka a H\u00e1rom Galamb \u00fatt\u00f6r\u0151je. 18 \u00e9ves kor\u00e1ig kiseg\u00edt\u0151 iskol\u00e1ba j\u00e1rt. 50 kilom\u00e9tert utazik, hogy el\u00e9rje a sz\u00e1m\u00e1ra legk\u00f6zelebbinek sz\u00e1m\u00edt\u00f3 foglalkoztat\u00f3nkat. Egy biztons\u00e1gos, vil\u00e1gosan strukt\u00far\u00e1lt keretre, ritmusra \u00e9s \u0151t j\u00f3l ismer\u0151 szem\u00e9lyzetre van sz\u00fcks\u00e9ge ahhoz, hogy tanulhasson, fejl\u0151dhessen. Blanka egy lelkes, \u00e9letigenl\u0151, t\u00e1rsas\u00e1gkedvel\u0151 23 \u00e9ves fiatal l\u00e1ny, aki v\u00e1gyik az \u00e9lm\u00e9nyekre \u00e9s m\u00e9ly \u00e9rdekl\u0151d\u00e9ssel figyeli t\u00e1rsait.<br>A H\u00e1rom Galamb \u00e1ltal lehet\u0151v\u00e9 v\u00e1lt sz\u00e1m\u00e1ra, hogy olyan t\u00e1mogat\u00e1st \u00e9s tart\u00e1st kapjon, amely \u00e1ltal inkadr\u00e1l\u00f3dni tud a csoportba, \u00e9s fejlesztheti mag\u00e1ban a t\u00e1rsas\u00e1gi r\u00e9szv\u00e9telhez alapvet\u0151 viselked\u00e9si form\u00e1kat.<br>Blanka mindenkit sz\u00e1mon tart, \u00e9s a k\u00f6z\u00f6s munk\u00e1ban k\u00fcl\u00f6n\u00f6sen nagy \u00f6r\u00f6mmel \u00e9s b\u00fcszkes\u00e9ggel vesz r\u00e9szt.   <\/p>\t\t\t\t\t\t\t\t<\/div>\n\t\t\t\t<\/div>\n\t\t\t\t\t<\/div>\n\t\t<\/div>\n\t\t\t\t\t<\/div>\n\t\t<\/section>\n\t\t\t\t<section class=\"elementor-section elementor-inner-section elementor-element elementor-element-9cd1a52 elementor-section-content-middle elementor-reverse-mobile elementor-section-boxed elementor-section-height-default elementor-section-height-default\" data-id=\"9cd1a52\" data-element_type=\"section\" data-e-type=\"section\">\n\t\t\t\t\t\t<div class=\"elementor-container elementor-column-gap-extended\">\n\t\t\t\t\t<div class=\"elementor-column elementor-col-50 elementor-inner-column elementor-element elementor-element-5e8db0a\" data-id=\"5e8db0a\" data-element_type=\"column\" data-e-type=\"column\">\n\t\t\t<div class=\"elementor-widget-wrap elementor-element-populated\">\n\t\t\t\t\t\t<div class=\"elementor-element elementor-element-82916c8 elementor-invisible elementor-widget elementor-widget-heading\" data-id=\"82916c8\" data-element_type=\"widget\" data-e-type=\"widget\" data-settings=\"{&quot;_animation&quot;:&quot;fadeInUp&quot;}\" data-widget_type=\"heading.default\">\n\t\t\t\t<div class=\"elementor-widget-container\">\n\t\t\t\t\t<h2 class=\"elementor-heading-title elementor-size-default\">Klau<\/h2>\t\t\t\t<\/div>\n\t\t\t\t<\/div>\n\t\t\t\t<div class=\"elementor-element elementor-element-f41d385 elementor-invisible elementor-widget elementor-widget-text-editor\" data-id=\"f41d385\" data-element_type=\"widget\" data-e-type=\"widget\" data-settings=\"{&quot;_animation&quot;:&quot;fadeInUp&quot;}\" data-widget_type=\"text-editor.default\">\n\t\t\t\t<div class=\"elementor-widget-container\">\n\t\t\t\t\t\t\t\t\t<p>Klau egy magas \u00e9rzelmi intelligenci\u00e1val \u00e9s j\u00f3 kognit\u00edv k\u00e9pess\u00e9gekkel rendelkez\u0151, 24 \u00e9ves, fiatal n\u0151, akinek a tol\u00f3sz\u00e9kbe korl\u00e1tozott l\u00e9t nagyon sok akad\u00e1lyt g\u00f6rd\u00edtett a fejl\u0151d\u00e9s, tanul\u00e1s \u00e9s kibontakoz\u00e1s \u00fatj\u00e1ba.<br>2021 \u0151sz\u00e9t\u0151l Klau egy megbecs\u00fclt, \u00e9rt\u00e9kes, t\u00e1mogat\u00f3 tagj\u00e1v\u00e1 v\u00e1lt a H\u00e1rom Galamb csapat\u00e1nak. K\u00e9z\u00fcgyess\u00e9g\u00e9ben, kifejez\u0151 erej\u00e9ben, \u00e1ll\u00f3k\u00e9pess\u00e9g\u00e9ben \u00e9s a mindennapi \u00f6n\u00e1ll\u00f3s\u00e1ghoz sz\u00fcks\u00e9ges feladatok elv\u00e9gz\u00e9s\u00e9ben l\u00e1tv\u00e1nyos fejl\u0151d\u00e9st \u00e9rt el. Kiemelked\u0151 szervez\u0151 k\u00e9szs\u00e9g\u00e9re is mindig sz\u00e1m\u00edthatunk, a k\u00fcl\u00f6nleges alkalmaink el\u0151k\u00e9sz\u00edt\u00e9sekor.<br>2025 tavasz\u00e1n lehet\u0151v\u00e9 tehett\u00fck sz\u00e1m\u00e1ra, hogy k\u00eds\u00e9rettel, \u00e9let\u00e9ben el\u0151sz\u00f6r rep\u00fcl\u0151re \u00fclhessen \u00e9s Spanyolorsz\u00e1gban r\u00e9szt vehessen egy nemzetk\u00f6zi programon.   <\/p>\t\t\t\t\t\t\t\t<\/div>\n\t\t\t\t<\/div>\n\t\t\t\t\t<\/div>\n\t\t<\/div>\n\t\t\t\t<div class=\"elementor-column elementor-col-50 elementor-inner-column elementor-element elementor-element-e1e6b4a\" data-id=\"e1e6b4a\" data-element_type=\"column\" data-e-type=\"column\">\n\t\t\t<div class=\"elementor-widget-wrap elementor-element-populated\">\n\t\t\t\t\t\t<div class=\"elementor-element elementor-element-944672c elementor-invisible elementor-widget elementor-widget-image\" data-id=\"944672c\" data-element_type=\"widget\" data-e-type=\"widget\" data-settings=\"{&quot;motion_fx_motion_fx_scrolling&quot;:&quot;yes&quot;,&quot;motion_fx_scale_effect&quot;:&quot;yes&quot;,&quot;motion_fx_scale_speed&quot;:{&quot;unit&quot;:&quot;px&quot;,&quot;size&quot;:2,&quot;sizes&quot;:[]},&quot;_animation&quot;:&quot;fadeIn&quot;,&quot;motion_fx_scale_direction&quot;:&quot;out-in&quot;,&quot;motion_fx_scale_range&quot;:{&quot;unit&quot;:&quot;%&quot;,&quot;size&quot;:&quot;&quot;,&quot;sizes&quot;:{&quot;start&quot;:20,&quot;end&quot;:80}},&quot;motion_fx_devices&quot;:[&quot;desktop&quot;,&quot;tablet&quot;,&quot;mobile&quot;]}\" data-widget_type=\"image.default\">\n\t\t\t\t<div class=\"elementor-widget-container\">\n\t\t\t\t\t\t\t\t\t\t\t\t\t\t\t<img decoding=\"async\" width=\"2560\" height=\"1707\" src=\"https:\/\/haromgalamb.com\/wp-content\/uploads\/2025\/06\/Klau-scaled.jpg\" class=\"attachment-full size-full wp-image-22937\" alt=\"\" srcset=\"https:\/\/haromgalamb.com\/wp-content\/uploads\/2025\/06\/Klau-scaled.jpg 2560w, https:\/\/haromgalamb.com\/wp-content\/uploads\/2025\/06\/Klau-300x200.jpg 300w, https:\/\/haromgalamb.com\/wp-content\/uploads\/2025\/06\/Klau-1024x683.jpg 1024w, https:\/\/haromgalamb.com\/wp-content\/uploads\/2025\/06\/Klau-768x512.jpg 768w, https:\/\/haromgalamb.com\/wp-content\/uploads\/2025\/06\/Klau-1536x1024.jpg 1536w, https:\/\/haromgalamb.com\/wp-content\/uploads\/2025\/06\/Klau-2048x1365.jpg 2048w, https:\/\/haromgalamb.com\/wp-content\/uploads\/2025\/06\/Klau-1568x1045.jpg 1568w\" sizes=\"(max-width: 34.9rem) calc(100vw - 2rem), (max-width: 53rem) calc(8 * (100vw \/ 12)), (min-width: 53rem) calc(6 * (100vw \/ 12)), 100vw\" \/>\t\t\t\t\t\t\t\t\t\t\t\t\t\t\t<\/div>\n\t\t\t\t<\/div>\n\t\t\t\t\t<\/div>\n\t\t<\/div>\n\t\t\t\t\t<\/div>\n\t\t<\/section>\n\t\t\t\t<section class=\"elementor-section elementor-inner-section elementor-element elementor-element-33245a4 elementor-section-content-middle elementor-section-boxed elementor-section-height-default elementor-section-height-default\" data-id=\"33245a4\" data-element_type=\"section\" data-e-type=\"section\">\n\t\t\t\t\t\t<div class=\"elementor-container elementor-column-gap-extended\">\n\t\t\t\t\t<div class=\"elementor-column elementor-col-50 elementor-inner-column elementor-element elementor-element-d1ff1a4\" data-id=\"d1ff1a4\" data-element_type=\"column\" data-e-type=\"column\">\n\t\t\t<div class=\"elementor-widget-wrap elementor-element-populated\">\n\t\t\t\t\t\t<div class=\"elementor-element elementor-element-d0e74fa elementor-invisible elementor-widget elementor-widget-image\" data-id=\"d0e74fa\" data-element_type=\"widget\" data-e-type=\"widget\" data-settings=\"{&quot;motion_fx_motion_fx_scrolling&quot;:&quot;yes&quot;,&quot;motion_fx_scale_effect&quot;:&quot;yes&quot;,&quot;motion_fx_scale_speed&quot;:{&quot;unit&quot;:&quot;px&quot;,&quot;size&quot;:2,&quot;sizes&quot;:[]},&quot;_animation&quot;:&quot;fadeIn&quot;,&quot;motion_fx_scale_direction&quot;:&quot;out-in&quot;,&quot;motion_fx_scale_range&quot;:{&quot;unit&quot;:&quot;%&quot;,&quot;size&quot;:&quot;&quot;,&quot;sizes&quot;:{&quot;start&quot;:20,&quot;end&quot;:80}},&quot;motion_fx_devices&quot;:[&quot;desktop&quot;,&quot;tablet&quot;,&quot;mobile&quot;]}\" data-widget_type=\"image.default\">\n\t\t\t\t<div class=\"elementor-widget-container\">\n\t\t\t\t\t\t\t\t\t\t\t\t\t\t\t<img decoding=\"async\" width=\"2560\" height=\"1707\" src=\"https:\/\/haromgalamb.com\/wp-content\/uploads\/2025\/06\/Eni-scaled.jpg\" class=\"attachment-full size-full wp-image-22934\" alt=\"\" srcset=\"https:\/\/haromgalamb.com\/wp-content\/uploads\/2025\/06\/Eni-scaled.jpg 2560w, https:\/\/haromgalamb.com\/wp-content\/uploads\/2025\/06\/Eni-300x200.jpg 300w, https:\/\/haromgalamb.com\/wp-content\/uploads\/2025\/06\/Eni-1024x683.jpg 1024w, https:\/\/haromgalamb.com\/wp-content\/uploads\/2025\/06\/Eni-768x512.jpg 768w, https:\/\/haromgalamb.com\/wp-content\/uploads\/2025\/06\/Eni-1536x1024.jpg 1536w, https:\/\/haromgalamb.com\/wp-content\/uploads\/2025\/06\/Eni-2048x1365.jpg 2048w, https:\/\/haromgalamb.com\/wp-content\/uploads\/2025\/06\/Eni-1568x1045.jpg 1568w\" sizes=\"(max-width: 34.9rem) calc(100vw - 2rem), (max-width: 53rem) calc(8 * (100vw \/ 12)), (min-width: 53rem) calc(6 * (100vw \/ 12)), 100vw\" \/>\t\t\t\t\t\t\t\t\t\t\t\t\t\t\t<\/div>\n\t\t\t\t<\/div>\n\t\t\t\t\t<\/div>\n\t\t<\/div>\n\t\t\t\t<div class=\"elementor-column elementor-col-50 elementor-inner-column elementor-element elementor-element-15ac342\" data-id=\"15ac342\" data-element_type=\"column\" data-e-type=\"column\">\n\t\t\t<div class=\"elementor-widget-wrap elementor-element-populated\">\n\t\t\t\t\t\t<div class=\"elementor-element elementor-element-6c9c3b5 elementor-invisible elementor-widget elementor-widget-heading\" data-id=\"6c9c3b5\" data-element_type=\"widget\" data-e-type=\"widget\" data-settings=\"{&quot;_animation&quot;:&quot;fadeInUp&quot;}\" data-widget_type=\"heading.default\">\n\t\t\t\t<div class=\"elementor-widget-container\">\n\t\t\t\t\t<h2 class=\"elementor-heading-title elementor-size-default\">Eni<\/h2>\t\t\t\t<\/div>\n\t\t\t\t<\/div>\n\t\t\t\t<div class=\"elementor-element elementor-element-997171c elementor-invisible elementor-widget elementor-widget-text-editor\" data-id=\"997171c\" data-element_type=\"widget\" data-e-type=\"widget\" data-settings=\"{&quot;_animation&quot;:&quot;fadeInUp&quot;}\" data-widget_type=\"text-editor.default\">\n\t\t\t\t<div class=\"elementor-widget-container\">\n\t\t\t\t\t\t\t\t\t<p>Eni 27 \u00e9ves \u00e9s n\u00e9gy \u00e9ve vesz r\u00e9szt foglalkoz\u00e1sainkon. Sz\u00fcleit id\u00e9zve: \u201cA H\u00e1rom Galamb a legjobb dolog, ami t\u00f6rt\u00e9nt az \u00e9let\u00fcnkben!\u201d<br>Eni egy folyamatos figyelmet \u00e9s fel\u00fcgyeletet ig\u00e9nyl\u0151 fiatal, akinek l\u00e9teleme az aktivit\u00e1s, a t\u00e1rsas\u00e1g \u00e9s a k\u00e9tkezi munka. Sz\u00e1m\u00e1ra nem volt hozz\u00e1f\u00e9rhet\u0151 az ig\u00e9nyeinek megfelel\u0151 iskolai oktat\u00e1s. A H\u00e1rom Galambn\u00e1l tal\u00e1lkozott el\u0151sz\u00f6r egy strukt\u00far\u00e1lt, rendszeres, fejleszt\u00e9si programmal, ami \u00e1ltal folyamatosan form\u00e1l\u00f3dik \u00e9s r\u00e9szv\u00e9tel\u00e9r\u0151l naponta gy\u0171jthet be visszajelz\u00e9seket. Humor\u00e9rz\u00e9ke \u00e9s frapp\u00e1ns megfogalmaz\u00e1sai a csapat n\u00e9lk\u00fcl\u00f6zhetetlen szikr\u00e1ja a kezdetekt\u0151l fogva.    <\/p>\t\t\t\t\t\t\t\t<\/div>\n\t\t\t\t<\/div>\n\t\t\t\t\t<\/div>\n\t\t<\/div>\n\t\t\t\t\t<\/div>\n\t\t<\/section>\n\t\t\t\t<section class=\"elementor-section elementor-inner-section elementor-element elementor-element-4a9555f elementor-section-content-middle elementor-reverse-mobile elementor-section-boxed elementor-section-height-default elementor-section-height-default\" data-id=\"4a9555f\" data-element_type=\"section\" data-e-type=\"section\">\n\t\t\t\t\t\t<div class=\"elementor-container elementor-column-gap-extended\">\n\t\t\t\t\t<div class=\"elementor-column elementor-col-50 elementor-inner-column elementor-element elementor-element-16ea82a\" data-id=\"16ea82a\" data-element_type=\"column\" data-e-type=\"column\">\n\t\t\t<div class=\"elementor-widget-wrap elementor-element-populated\">\n\t\t\t\t\t\t<div class=\"elementor-element elementor-element-a079cbf elementor-invisible elementor-widget elementor-widget-heading\" data-id=\"a079cbf\" data-element_type=\"widget\" data-e-type=\"widget\" data-settings=\"{&quot;_animation&quot;:&quot;fadeInUp&quot;}\" data-widget_type=\"heading.default\">\n\t\t\t\t<div class=\"elementor-widget-container\">\n\t\t\t\t\t<h2 class=\"elementor-heading-title elementor-size-default\">Norbi<\/h2>\t\t\t\t<\/div>\n\t\t\t\t<\/div>\n\t\t\t\t<div class=\"elementor-element elementor-element-2a2b813 elementor-invisible elementor-widget elementor-widget-text-editor\" data-id=\"2a2b813\" data-element_type=\"widget\" data-e-type=\"widget\" data-settings=\"{&quot;_animation&quot;:&quot;fadeInUp&quot;}\" data-widget_type=\"text-editor.default\">\n\t\t\t\t<div class=\"elementor-widget-container\">\n\t\t\t\t\t\t\t\t\t<p>Norbi egy 28 \u00e9ves, \u00e9leter\u0151s, tanul\u00e1sra v\u00e1gy\u00f3 fiatalember, akinek f\u00e9rfi\u00fai \u00e9nk\u00e9pe folyamatosan form\u00e1l\u00f3dik a H\u00e1rom Galambn\u00e1l v\u00e9gzett munka \u00e1ltal.<br>Egy nem megfelel\u0151en t\u00e1mogatott inkluz\u00edv iskolai id\u0151szak ut\u00e1n 6 \u00e9vet otthon t\u00f6lt\u00f6tt, \u00e9s ezen a ponton l\u00e9pett be a H\u00e1rom Galamb tev\u00e9kenys\u00e9geibe. Az individualiz\u00e1lt programunk \u00e1ltal, itt lehet\u0151v\u00e9 v\u00e1lt Norbi sz\u00e1m\u00e1ra, hogy egy csoport tagjak\u00e9nt re\u00e1lisabban \u00e9lhesse meg \u00f6nmag\u00e1t. \u00dagy k\u00e9pess\u00e9geinek, mint korl\u00e1tainak megtapasztal\u00e1sa \u00e1ltal elindulhatott a val\u00f3s, egy\u00e9ni potenci\u00e1lja kibontakoz\u00e1sa fel\u00e9.<br>Csal\u00e1dja visszajelz\u00e9seib\u0151l is tudjuk, hogy az otthoni r\u00e9szv\u00e1llal\u00e1sban \u00e9s \u00f6n\u00e1ll\u00f3sod\u00e1sban is nagy el\u0151rel\u00e9p\u00e9seket tapasztalnak.   <\/p>\t\t\t\t\t\t\t\t<\/div>\n\t\t\t\t<\/div>\n\t\t\t\t\t<\/div>\n\t\t<\/div>\n\t\t\t\t<div class=\"elementor-column elementor-col-50 elementor-inner-column elementor-element elementor-element-0731333\" data-id=\"0731333\" data-element_type=\"column\" data-e-type=\"column\">\n\t\t\t<div class=\"elementor-widget-wrap elementor-element-populated\">\n\t\t\t\t\t\t<div class=\"elementor-element elementor-element-cd50cb2 elementor-invisible elementor-widget elementor-widget-image\" data-id=\"cd50cb2\" data-element_type=\"widget\" data-e-type=\"widget\" data-settings=\"{&quot;motion_fx_motion_fx_scrolling&quot;:&quot;yes&quot;,&quot;motion_fx_scale_effect&quot;:&quot;yes&quot;,&quot;motion_fx_scale_speed&quot;:{&quot;unit&quot;:&quot;px&quot;,&quot;size&quot;:2,&quot;sizes&quot;:[]},&quot;_animation&quot;:&quot;fadeIn&quot;,&quot;motion_fx_scale_direction&quot;:&quot;out-in&quot;,&quot;motion_fx_scale_range&quot;:{&quot;unit&quot;:&quot;%&quot;,&quot;size&quot;:&quot;&quot;,&quot;sizes&quot;:{&quot;start&quot;:20,&quot;end&quot;:80}},&quot;motion_fx_devices&quot;:[&quot;desktop&quot;,&quot;tablet&quot;,&quot;mobile&quot;]}\" data-widget_type=\"image.default\">\n\t\t\t\t<div class=\"elementor-widget-container\">\n\t\t\t\t\t\t\t\t\t\t\t\t\t\t\t<img loading=\"lazy\" decoding=\"async\" width=\"2391\" height=\"2560\" src=\"https:\/\/haromgalamb.com\/wp-content\/uploads\/2025\/06\/Norbi-scaled.jpg\" class=\"attachment-full size-full wp-image-22940\" alt=\"\" srcset=\"https:\/\/haromgalamb.com\/wp-content\/uploads\/2025\/06\/Norbi-scaled.jpg 2391w, https:\/\/haromgalamb.com\/wp-content\/uploads\/2025\/06\/Norbi-280x300.jpg 280w, https:\/\/haromgalamb.com\/wp-content\/uploads\/2025\/06\/Norbi-956x1024.jpg 956w, https:\/\/haromgalamb.com\/wp-content\/uploads\/2025\/06\/Norbi-768x822.jpg 768w, https:\/\/haromgalamb.com\/wp-content\/uploads\/2025\/06\/Norbi-1435x1536.jpg 1435w, https:\/\/haromgalamb.com\/wp-content\/uploads\/2025\/06\/Norbi-1913x2048.jpg 1913w, https:\/\/haromgalamb.com\/wp-content\/uploads\/2025\/06\/Norbi-1568x1679.jpg 1568w\" sizes=\"(max-width: 34.9rem) calc(100vw - 2rem), (max-width: 53rem) calc(8 * (100vw \/ 12)), (min-width: 53rem) calc(6 * (100vw \/ 12)), 100vw\" \/>\t\t\t\t\t\t\t\t\t\t\t\t\t\t\t<\/div>\n\t\t\t\t<\/div>\n\t\t\t\t\t<\/div>\n\t\t<\/div>\n\t\t\t\t\t<\/div>\n\t\t<\/section>\n\t\t\t\t\t<\/div>\n\t\t<\/div>\n\t\t\t\t\t<\/div>\n\t\t<\/section>\n\t\t\t\t<\/div>\n\t\t","protected":false},"excerpt":{"rendered":"<p>T\u00f6rt\u00e9netek Blanka Blanka a H\u00e1rom Galamb \u00fatt\u00f6r\u0151je. 18 \u00e9ves kor\u00e1ig kiseg\u00edt\u0151 iskol\u00e1ba j\u00e1rt. 50 kilom\u00e9tert utazik, hogy el\u00e9rje a sz\u00e1m\u00e1ra legk\u00f6zelebbinek sz\u00e1m\u00edt\u00f3 foglalkoztat\u00f3nkat. Egy biztons\u00e1gos, vil\u00e1gosan strukt\u00far\u00e1lt keretre, ritmusra \u00e9s \u0151t j\u00f3l ismer\u0151 szem\u00e9lyzetre van sz\u00fcks\u00e9ge ahhoz, hogy tanulhasson, fejl\u0151dhessen. Blanka egy lelkes, \u00e9letigenl\u0151, t\u00e1rsas\u00e1gkedvel\u0151 23 \u00e9ves fiatal l\u00e1ny, aki v\u00e1gyik az \u00e9lm\u00e9nyekre \u00e9s m\u00e9ly [&hellip;]<\/p>\n","protected":false},"author":1,"featured_media":0,"parent":0,"menu_order":0,"comment_status":"closed","ping_status":"closed","template":"elementor_header_footer","meta":{"_acf_changed":false,"footnotes":""},"class_list":["post-22945","page","type-page","status-publish","hentry","entry"],"acf":[],"_links":{"self":[{"href":"https:\/\/haromgalamb.com\/hu\/wp-json\/wp\/v2\/pages\/22945","targetHints":{"allow":["GET"]}}],"collection":[{"href":"https:\/\/haromgalamb.com\/hu\/wp-json\/wp\/v2\/pages"}],"about":[{"href":"https:\/\/haromgalamb.com\/hu\/wp-json\/wp\/v2\/types\/page"}],"author":[{"embeddable":true,"href":"https:\/\/haromgalamb.com\/hu\/wp-json\/wp\/v2\/users\/1"}],"replies":[{"embeddable":true,"href":"https:\/\/haromgalamb.com\/hu\/wp-json\/wp\/v2\/comments?post=22945"}],"version-history":[{"count":0,"href":"https:\/\/haromgalamb.com\/hu\/wp-json\/wp\/v2\/pages\/22945\/revisions"}],"wp:attachment":[{"href":"https:\/\/haromgalamb.com\/hu\/wp-json\/wp\/v2\/media?parent=22945"}],"curies":[{"name":"wp","href":"https:\/\/api.w.org\/{rel}","templated":true}]}}