{"id":22908,"date":"2025-06-03T12:51:16","date_gmt":"2025-06-03T12:51:16","guid":{"rendered":"https:\/\/haromgalamb.com\/nevoile\/"},"modified":"2025-07-02T16:16:19","modified_gmt":"2025-07-02T16:16:19","slug":"nevoile","status":"publish","type":"page","link":"https:\/\/haromgalamb.com\/ro\/nevoile\/","title":{"rendered":"Nevoile"},"content":{"rendered":"\t\t<div data-elementor-type=\"wp-page\" data-elementor-id=\"22908\" class=\"elementor elementor-22908 elementor-21874\" data-elementor-post-type=\"page\">\n\t\t\t\t\t\t<section class=\"elementor-section elementor-top-section elementor-element elementor-element-500c5e9 elementor-section-boxed elementor-section-height-default elementor-section-height-default\" data-id=\"500c5e9\" data-element_type=\"section\" data-e-type=\"section\" data-settings=\"{&quot;background_background&quot;:&quot;classic&quot;}\">\n\t\t\t\t\t\t<div class=\"elementor-container elementor-column-gap-extended\">\n\t\t\t\t\t<div class=\"elementor-column elementor-col-100 elementor-top-column elementor-element elementor-element-40e4d85\" data-id=\"40e4d85\" data-element_type=\"column\" data-e-type=\"column\">\n\t\t\t<div class=\"elementor-widget-wrap elementor-element-populated\">\n\t\t\t\t\t\t<div class=\"elementor-element elementor-element-4da608e elementor-widget elementor-widget-heading\" data-id=\"4da608e\" data-element_type=\"widget\" data-e-type=\"widget\" data-widget_type=\"heading.default\">\n\t\t\t\t<div class=\"elementor-widget-container\">\n\t\t\t\t\t<h2 class=\"elementor-heading-title elementor-size-default\">Nevoile \u0219i impiedimentele noastre<\/h2>\t\t\t\t<\/div>\n\t\t\t\t<\/div>\n\t\t\t\t\t<\/div>\n\t\t<\/div>\n\t\t\t\t\t<\/div>\n\t\t<\/section>\n\t\t\t\t<section class=\"elementor-section elementor-top-section elementor-element elementor-element-fa31c2e elementor-section-content-middle elementor-section-boxed elementor-section-height-default elementor-section-height-default\" data-id=\"fa31c2e\" data-element_type=\"section\" data-e-type=\"section\">\n\t\t\t\t\t\t<div class=\"elementor-container elementor-column-gap-extended\">\n\t\t\t\t\t<div class=\"elementor-column elementor-col-100 elementor-top-column elementor-element elementor-element-41ee847\" data-id=\"41ee847\" data-element_type=\"column\" data-e-type=\"column\">\n\t\t\t<div class=\"elementor-widget-wrap elementor-element-populated\">\n\t\t\t\t\t\t<div class=\"elementor-element elementor-element-c7b30f3 elementor-icon-list--layout-traditional elementor-list-item-link-full_width elementor-widget elementor-widget-icon-list\" data-id=\"c7b30f3\" data-element_type=\"widget\" data-e-type=\"widget\" data-widget_type=\"icon-list.default\">\n\t\t\t\t<div class=\"elementor-widget-container\">\n\t\t\t\t\t\t\t<ul class=\"elementor-icon-list-items\">\n\t\t\t\t\t\t\t<li class=\"elementor-icon-list-item\">\n\t\t\t\t\t\t\t\t\t\t\t<span class=\"elementor-icon-list-icon\">\n\t\t\t\t\t\t\t<i aria-hidden=\"true\" class=\"fas fa-greater-than\"><\/i>\t\t\t\t\t\t<\/span>\n\t\t\t\t\t\t\t\t\t\t<span class=\"elementor-icon-list-text\">Avem un contract de servicii cu Direc\u021bia General\u0103 de Asisten\u021b\u0103 Social\u0103 \u0219i Protec\u021bia Copilului Harghita, care asigur\u0103 acordarea unei contribu\u021bii financiare pentru fiecare t\u00e2n\u0103r adult care beneficiaz\u0103 de serviciile noastre.<\/span>\n\t\t\t\t\t\t\t\t\t<\/li>\n\t\t\t\t\t\t\t\t<li class=\"elementor-icon-list-item\">\n\t\t\t\t\t\t\t\t\t\t\t<span class=\"elementor-icon-list-icon\">\n\t\t\t\t\t\t\t<i aria-hidden=\"true\" class=\"fas fa-greater-than\"><\/i>\t\t\t\t\t\t<\/span>\n\t\t\t\t\t\t\t\t\t\t<span class=\"elementor-icon-list-text\">P\u00e2n\u0103 c\u00e2nd vom avea capacitatea de a \u00eengriji p\u00e2n\u0103 la 30 de persoane, cheltuielile noastre obi\u0219nuite dep\u0103\u0219esc veniturile noastre pentru cele 12 persoane aflate \u00een \u00eengrijire \u00een prezent, deoarece multe dintre costuri sunt anticipate - de exemplu, raportul personal\/beneficiari este mai mare dec\u00e2t va fi, sunt necesare resurse pentru a gestiona construirea \u0219i extinderea organiza\u021biei caritabile, avem nevoie de transport pentru cei afla\u021bi \u00een \u00eengrijire etc. - probleme normale de pornire\/cre\u0219tere.<\/span>\n\t\t\t\t\t\t\t\t\t<\/li>\n\t\t\t\t\t\t\t\t<li class=\"elementor-icon-list-item\">\n\t\t\t\t\t\t\t\t\t\t\t<span class=\"elementor-icon-list-icon\">\n\t\t\t\t\t\t\t<i aria-hidden=\"true\" class=\"fas fa-greater-than\"><\/i>\t\t\t\t\t\t<\/span>\n\t\t\t\t\t\t\t\t\t\t<span class=\"elementor-icon-list-text\">De\u0219i dona\u021bii generoase au acoperit achizi\u021bia terenului \u0219i au permis construirea unei cl\u0103diri special concepute, avem \u00een continuare nevoie de mobilier \u0219i alte dot\u0103ri \u0219i echipamente.<\/span>\n\t\t\t\t\t\t\t\t\t<\/li>\n\t\t\t\t\t\t\t\t<li class=\"elementor-icon-list-item\">\n\t\t\t\t\t\t\t\t\t\t\t<span class=\"elementor-icon-list-icon\">\n\t\t\t\t\t\t\t<i aria-hidden=\"true\" class=\"fas fa-greater-than\"><\/i>\t\t\t\t\t\t<\/span>\n\t\t\t\t\t\t\t\t\t\t<span class=\"elementor-icon-list-text\"><b>Avem, a\u0219adar, o nevoie de finan\u021bare de aproximativ 60.000 \u00a3 pentru urm\u0103toarele 12 luni, pentru a acoperi ambele costuri. <\/b><\/span>\n\t\t\t\t\t\t\t\t\t<\/li>\n\t\t\t\t\t\t<\/ul>\n\t\t\t\t\t\t<\/div>\n\t\t\t\t<\/div>\n\t\t\t\t\t<\/div>\n\t\t<\/div>\n\t\t\t\t\t<\/div>\n\t\t<\/section>\n\t\t\t\t<\/div>\n\t\t","protected":false},"excerpt":{"rendered":"<p>Nevoile \u0219i impiedimentele noastre Avem un contract de servicii cu Direc\u021bia General\u0103 de Asisten\u021b\u0103 Social\u0103 \u0219i Protec\u021bia Copilului Harghita, care asigur\u0103 acordarea unei contribu\u021bii financiare pentru fiecare t\u00e2n\u0103r adult care beneficiaz\u0103 de serviciile noastre. P\u00e2n\u0103 c\u00e2nd vom avea capacitatea de a \u00eengriji p\u00e2n\u0103 la 30 de persoane, cheltuielile noastre obi\u0219nuite dep\u0103\u0219esc veniturile noastre pentru cele [&hellip;]<\/p>\n","protected":false},"author":1,"featured_media":0,"parent":0,"menu_order":0,"comment_status":"closed","ping_status":"closed","template":"elementor_header_footer","meta":{"_acf_changed":false,"footnotes":""},"class_list":["post-22908","page","type-page","status-publish","hentry","entry"],"acf":[],"_links":{"self":[{"href":"https:\/\/haromgalamb.com\/ro\/wp-json\/wp\/v2\/pages\/22908","targetHints":{"allow":["GET"]}}],"collection":[{"href":"https:\/\/haromgalamb.com\/ro\/wp-json\/wp\/v2\/pages"}],"about":[{"href":"https:\/\/haromgalamb.com\/ro\/wp-json\/wp\/v2\/types\/page"}],"author":[{"embeddable":true,"href":"https:\/\/haromgalamb.com\/ro\/wp-json\/wp\/v2\/users\/1"}],"replies":[{"embeddable":true,"href":"https:\/\/haromgalamb.com\/ro\/wp-json\/wp\/v2\/comments?post=22908"}],"version-history":[{"count":0,"href":"https:\/\/haromgalamb.com\/ro\/wp-json\/wp\/v2\/pages\/22908\/revisions"}],"wp:attachment":[{"href":"https:\/\/haromgalamb.com\/ro\/wp-json\/wp\/v2\/media?parent=22908"}],"curies":[{"name":"wp","href":"https:\/\/api.w.org\/{rel}","templated":true}]}}