{"id":22947,"date":"2025-06-21T08:48:44","date_gmt":"2025-06-21T08:48:44","guid":{"rendered":"https:\/\/haromgalamb.com\/povesti-de-impact\/"},"modified":"2025-06-25T19:33:24","modified_gmt":"2025-06-25T19:33:24","slug":"povesti-de-impact","status":"publish","type":"page","link":"https:\/\/haromgalamb.com\/ro\/povesti-de-impact\/","title":{"rendered":"Pove\u0219ti"},"content":{"rendered":"\t\t<div data-elementor-type=\"wp-page\" data-elementor-id=\"22947\" class=\"elementor elementor-22947 elementor-22367\" data-elementor-post-type=\"page\">\n\t\t\t\t\t\t<section class=\"elementor-section elementor-top-section elementor-element elementor-element-500c5e9 elementor-section-boxed elementor-section-height-default elementor-section-height-default\" data-id=\"500c5e9\" data-element_type=\"section\" data-e-type=\"section\" data-settings=\"{&quot;background_background&quot;:&quot;classic&quot;}\">\n\t\t\t\t\t\t<div class=\"elementor-container elementor-column-gap-extended\">\n\t\t\t\t\t<div class=\"elementor-column elementor-col-100 elementor-top-column elementor-element elementor-element-40e4d85\" data-id=\"40e4d85\" data-element_type=\"column\" data-e-type=\"column\">\n\t\t\t<div class=\"elementor-widget-wrap elementor-element-populated\">\n\t\t\t\t\t\t<div class=\"elementor-element elementor-element-4da608e elementor-widget elementor-widget-heading\" data-id=\"4da608e\" data-element_type=\"widget\" data-e-type=\"widget\" data-widget_type=\"heading.default\">\n\t\t\t\t<div class=\"elementor-widget-container\">\n\t\t\t\t\t<h2 class=\"elementor-heading-title elementor-size-default\">Pove\u0219ti<\/h2>\t\t\t\t<\/div>\n\t\t\t\t<\/div>\n\t\t\t\t\t<\/div>\n\t\t<\/div>\n\t\t\t\t\t<\/div>\n\t\t<\/section>\n\t\t\t\t<section class=\"elementor-section elementor-top-section elementor-element elementor-element-fa31c2e elementor-section-content-middle elementor-section-boxed elementor-section-height-default elementor-section-height-default\" data-id=\"fa31c2e\" data-element_type=\"section\" data-e-type=\"section\">\n\t\t\t\t\t\t<div class=\"elementor-container elementor-column-gap-extended\">\n\t\t\t\t\t<div class=\"elementor-column elementor-col-100 elementor-top-column elementor-element elementor-element-c55ebf5\" data-id=\"c55ebf5\" data-element_type=\"column\" data-e-type=\"column\">\n\t\t\t<div class=\"elementor-widget-wrap elementor-element-populated\">\n\t\t\t\t\t\t<section class=\"elementor-section elementor-inner-section elementor-element elementor-element-12954e7 elementor-section-content-middle elementor-section-boxed elementor-section-height-default elementor-section-height-default\" data-id=\"12954e7\" data-element_type=\"section\" data-e-type=\"section\">\n\t\t\t\t\t\t<div class=\"elementor-container elementor-column-gap-extended\">\n\t\t\t\t\t<div class=\"elementor-column elementor-col-50 elementor-inner-column elementor-element elementor-element-951e06c\" data-id=\"951e06c\" data-element_type=\"column\" data-e-type=\"column\">\n\t\t\t<div class=\"elementor-widget-wrap elementor-element-populated\">\n\t\t\t\t\t\t<div class=\"elementor-element elementor-element-56b3fda elementor-invisible elementor-widget elementor-widget-image\" data-id=\"56b3fda\" data-element_type=\"widget\" data-e-type=\"widget\" data-settings=\"{&quot;motion_fx_motion_fx_scrolling&quot;:&quot;yes&quot;,&quot;motion_fx_scale_effect&quot;:&quot;yes&quot;,&quot;motion_fx_scale_speed&quot;:{&quot;unit&quot;:&quot;px&quot;,&quot;size&quot;:2,&quot;sizes&quot;:[]},&quot;_animation&quot;:&quot;fadeIn&quot;,&quot;motion_fx_scale_direction&quot;:&quot;out-in&quot;,&quot;motion_fx_scale_range&quot;:{&quot;unit&quot;:&quot;%&quot;,&quot;size&quot;:&quot;&quot;,&quot;sizes&quot;:{&quot;start&quot;:20,&quot;end&quot;:80}},&quot;motion_fx_devices&quot;:[&quot;desktop&quot;,&quot;tablet&quot;,&quot;mobile&quot;]}\" data-widget_type=\"image.default\">\n\t\t\t\t<div class=\"elementor-widget-container\">\n\t\t\t\t\t\t\t\t\t\t\t\t\t\t\t<img fetchpriority=\"high\" decoding=\"async\" width=\"2560\" height=\"1707\" src=\"https:\/\/haromgalamb.com\/wp-content\/uploads\/2025\/06\/Blanka-scaled.jpg\" class=\"attachment-full size-full wp-image-22932\" alt=\"\" srcset=\"https:\/\/haromgalamb.com\/wp-content\/uploads\/2025\/06\/Blanka-scaled.jpg 2560w, https:\/\/haromgalamb.com\/wp-content\/uploads\/2025\/06\/Blanka-300x200.jpg 300w, https:\/\/haromgalamb.com\/wp-content\/uploads\/2025\/06\/Blanka-1024x683.jpg 1024w, https:\/\/haromgalamb.com\/wp-content\/uploads\/2025\/06\/Blanka-768x512.jpg 768w, https:\/\/haromgalamb.com\/wp-content\/uploads\/2025\/06\/Blanka-1536x1024.jpg 1536w, https:\/\/haromgalamb.com\/wp-content\/uploads\/2025\/06\/Blanka-2048x1365.jpg 2048w, https:\/\/haromgalamb.com\/wp-content\/uploads\/2025\/06\/Blanka-1568x1045.jpg 1568w\" sizes=\"(max-width: 34.9rem) calc(100vw - 2rem), (max-width: 53rem) calc(8 * (100vw \/ 12)), (min-width: 53rem) calc(6 * (100vw \/ 12)), 100vw\" \/>\t\t\t\t\t\t\t\t\t\t\t\t\t\t\t<\/div>\n\t\t\t\t<\/div>\n\t\t\t\t\t<\/div>\n\t\t<\/div>\n\t\t\t\t<div class=\"elementor-column elementor-col-50 elementor-inner-column elementor-element elementor-element-226ab9c\" data-id=\"226ab9c\" data-element_type=\"column\" data-e-type=\"column\">\n\t\t\t<div class=\"elementor-widget-wrap elementor-element-populated\">\n\t\t\t\t\t\t<div class=\"elementor-element elementor-element-99607dd elementor-invisible elementor-widget elementor-widget-heading\" data-id=\"99607dd\" data-element_type=\"widget\" data-e-type=\"widget\" data-settings=\"{&quot;_animation&quot;:&quot;fadeInUp&quot;}\" data-widget_type=\"heading.default\">\n\t\t\t\t<div class=\"elementor-widget-container\">\n\t\t\t\t\t<h2 class=\"elementor-heading-title elementor-size-default\">Blanka<\/h2>\t\t\t\t<\/div>\n\t\t\t\t<\/div>\n\t\t\t\t<div class=\"elementor-element elementor-element-9836d84 elementor-invisible elementor-widget elementor-widget-text-editor\" data-id=\"9836d84\" data-element_type=\"widget\" data-e-type=\"widget\" data-settings=\"{&quot;_animation&quot;:&quot;fadeInUp&quot;}\" data-widget_type=\"text-editor.default\">\n\t\t\t\t<div class=\"elementor-widget-container\">\n\t\t\t\t\t\t\t\t\t<p>Blanka este un pionier al H\u00e1rom Galamb.<br>Blanka a urmat o \u0219coal\u0103 special\u0103 p\u00e2n\u0103 la v\u00e2rsta de 18 ani. C\u0103l\u0103tore\u0219te 50 de kilometri pentru a ajunge la centrul nostru de activit\u0103\u021bi, care este cel mai apropiat pentru ea. Are nevoie de un cadru sigur, clar structurat, un ritm stabil \u0219i un personal care o cunoa\u0219te bine, pentru a putea \u00eenv\u0103\u021ba \u0219i evolua.<br>Blanka este o t\u00e2n\u0103r\u0103 de 23 de ani, entuziast\u0103, plin\u0103 de via\u021b\u0103 \u0219i sociabil\u0103, care t\u00e2nje\u0219te dup\u0103 experien\u021be \u0219i \u00ee\u0219i observ\u0103 colegii cu un interes profund.<br>Datorit\u0103 H\u00e1rom Galamb, a avut \u0219ansa de a primi sprijinul \u0219i stabilitatea de care avea nevoie pentru a se putea integra \u00een grup \u0219i a dezvolta comportamentele esen\u021biale pentru participarea social\u0103.   <\/p>\t\t\t\t\t\t\t\t<\/div>\n\t\t\t\t<\/div>\n\t\t\t\t\t<\/div>\n\t\t<\/div>\n\t\t\t\t\t<\/div>\n\t\t<\/section>\n\t\t\t\t<section class=\"elementor-section elementor-inner-section elementor-element elementor-element-9cd1a52 elementor-section-content-middle elementor-reverse-mobile elementor-section-boxed elementor-section-height-default elementor-section-height-default\" data-id=\"9cd1a52\" data-element_type=\"section\" data-e-type=\"section\">\n\t\t\t\t\t\t<div class=\"elementor-container elementor-column-gap-extended\">\n\t\t\t\t\t<div class=\"elementor-column elementor-col-50 elementor-inner-column elementor-element elementor-element-5e8db0a\" data-id=\"5e8db0a\" data-element_type=\"column\" data-e-type=\"column\">\n\t\t\t<div class=\"elementor-widget-wrap elementor-element-populated\">\n\t\t\t\t\t\t<div class=\"elementor-element elementor-element-82916c8 elementor-invisible elementor-widget elementor-widget-heading\" data-id=\"82916c8\" data-element_type=\"widget\" data-e-type=\"widget\" data-settings=\"{&quot;_animation&quot;:&quot;fadeInUp&quot;}\" data-widget_type=\"heading.default\">\n\t\t\t\t<div class=\"elementor-widget-container\">\n\t\t\t\t\t<h2 class=\"elementor-heading-title elementor-size-default\">Klau<\/h2>\t\t\t\t<\/div>\n\t\t\t\t<\/div>\n\t\t\t\t<div class=\"elementor-element elementor-element-f41d385 elementor-invisible elementor-widget elementor-widget-text-editor\" data-id=\"f41d385\" data-element_type=\"widget\" data-e-type=\"widget\" data-settings=\"{&quot;_animation&quot;:&quot;fadeInUp&quot;}\" data-widget_type=\"text-editor.default\">\n\t\t\t\t<div class=\"elementor-widget-container\">\n\t\t\t\t\t\t\t\t\t<p>Klau este o t\u00e2n\u0103r\u0103 de 24 de ani, cu o inteligen\u021b\u0103 emo\u021bional\u0103 ridicat\u0103 \u0219i abilit\u0103\u021bi cognitive bune, a c\u0103rei via\u021b\u0103 limitat\u0103 la scaunul cu rotile i-a pus numeroase obstacole \u00een calea dezvolt\u0103rii, \u00eenv\u0103\u021b\u0103rii \u0219i exprim\u0103rii de sine.<br>Din toamna anului 2021, Klau a devenit un membru respectat, valoros \u0219i sprijinitor al echipei H\u00e1rom Galamb. A \u00eenregistrat progrese remarcabile \u00een dexteritatea manual\u0103, puterea de exprimare, rezisten\u021ba fizic\u0103 \u0219i \u00een realizarea sarcinilor necesare pentru o via\u021b\u0103 independent\u0103 de zi cu zi. Ne putem baza mereu pe abilit\u0103\u021bile ei organizatorice deosebite, mai ales \u00een preg\u0103tirea evenimentelor speciale.<br>\u00cen prim\u0103vara anului 2025, am reu\u0219it s\u0103-i oferim ocazia de a zbura pentru prima dat\u0103 \u00een via\u021ba ei, \u00eenso\u021bit\u0103, \u0219i s\u0103 participe \u00een Spania la un program interna\u021bional.   <\/p>\t\t\t\t\t\t\t\t<\/div>\n\t\t\t\t<\/div>\n\t\t\t\t\t<\/div>\n\t\t<\/div>\n\t\t\t\t<div class=\"elementor-column elementor-col-50 elementor-inner-column elementor-element elementor-element-e1e6b4a\" data-id=\"e1e6b4a\" data-element_type=\"column\" data-e-type=\"column\">\n\t\t\t<div class=\"elementor-widget-wrap elementor-element-populated\">\n\t\t\t\t\t\t<div class=\"elementor-element elementor-element-944672c elementor-invisible elementor-widget elementor-widget-image\" data-id=\"944672c\" data-element_type=\"widget\" data-e-type=\"widget\" data-settings=\"{&quot;motion_fx_motion_fx_scrolling&quot;:&quot;yes&quot;,&quot;motion_fx_scale_effect&quot;:&quot;yes&quot;,&quot;motion_fx_scale_speed&quot;:{&quot;unit&quot;:&quot;px&quot;,&quot;size&quot;:2,&quot;sizes&quot;:[]},&quot;_animation&quot;:&quot;fadeIn&quot;,&quot;motion_fx_scale_direction&quot;:&quot;out-in&quot;,&quot;motion_fx_scale_range&quot;:{&quot;unit&quot;:&quot;%&quot;,&quot;size&quot;:&quot;&quot;,&quot;sizes&quot;:{&quot;start&quot;:20,&quot;end&quot;:80}},&quot;motion_fx_devices&quot;:[&quot;desktop&quot;,&quot;tablet&quot;,&quot;mobile&quot;]}\" data-widget_type=\"image.default\">\n\t\t\t\t<div class=\"elementor-widget-container\">\n\t\t\t\t\t\t\t\t\t\t\t\t\t\t\t<img decoding=\"async\" width=\"2560\" height=\"1707\" src=\"https:\/\/haromgalamb.com\/wp-content\/uploads\/2025\/06\/Klau-scaled.jpg\" class=\"attachment-full size-full wp-image-22938\" alt=\"\" srcset=\"https:\/\/haromgalamb.com\/wp-content\/uploads\/2025\/06\/Klau-scaled.jpg 2560w, https:\/\/haromgalamb.com\/wp-content\/uploads\/2025\/06\/Klau-300x200.jpg 300w, https:\/\/haromgalamb.com\/wp-content\/uploads\/2025\/06\/Klau-1024x683.jpg 1024w, https:\/\/haromgalamb.com\/wp-content\/uploads\/2025\/06\/Klau-768x512.jpg 768w, https:\/\/haromgalamb.com\/wp-content\/uploads\/2025\/06\/Klau-1536x1024.jpg 1536w, https:\/\/haromgalamb.com\/wp-content\/uploads\/2025\/06\/Klau-2048x1365.jpg 2048w, https:\/\/haromgalamb.com\/wp-content\/uploads\/2025\/06\/Klau-1568x1045.jpg 1568w\" sizes=\"(max-width: 34.9rem) calc(100vw - 2rem), (max-width: 53rem) calc(8 * (100vw \/ 12)), (min-width: 53rem) calc(6 * (100vw \/ 12)), 100vw\" \/>\t\t\t\t\t\t\t\t\t\t\t\t\t\t\t<\/div>\n\t\t\t\t<\/div>\n\t\t\t\t\t<\/div>\n\t\t<\/div>\n\t\t\t\t\t<\/div>\n\t\t<\/section>\n\t\t\t\t<section class=\"elementor-section elementor-inner-section elementor-element elementor-element-33245a4 elementor-section-content-middle elementor-section-boxed elementor-section-height-default elementor-section-height-default\" data-id=\"33245a4\" data-element_type=\"section\" data-e-type=\"section\">\n\t\t\t\t\t\t<div class=\"elementor-container elementor-column-gap-extended\">\n\t\t\t\t\t<div class=\"elementor-column elementor-col-50 elementor-inner-column elementor-element elementor-element-d1ff1a4\" data-id=\"d1ff1a4\" data-element_type=\"column\" data-e-type=\"column\">\n\t\t\t<div class=\"elementor-widget-wrap elementor-element-populated\">\n\t\t\t\t\t\t<div class=\"elementor-element elementor-element-d0e74fa elementor-invisible elementor-widget elementor-widget-image\" data-id=\"d0e74fa\" data-element_type=\"widget\" data-e-type=\"widget\" data-settings=\"{&quot;motion_fx_motion_fx_scrolling&quot;:&quot;yes&quot;,&quot;motion_fx_scale_effect&quot;:&quot;yes&quot;,&quot;motion_fx_scale_speed&quot;:{&quot;unit&quot;:&quot;px&quot;,&quot;size&quot;:2,&quot;sizes&quot;:[]},&quot;_animation&quot;:&quot;fadeIn&quot;,&quot;motion_fx_scale_direction&quot;:&quot;out-in&quot;,&quot;motion_fx_scale_range&quot;:{&quot;unit&quot;:&quot;%&quot;,&quot;size&quot;:&quot;&quot;,&quot;sizes&quot;:{&quot;start&quot;:20,&quot;end&quot;:80}},&quot;motion_fx_devices&quot;:[&quot;desktop&quot;,&quot;tablet&quot;,&quot;mobile&quot;]}\" data-widget_type=\"image.default\">\n\t\t\t\t<div class=\"elementor-widget-container\">\n\t\t\t\t\t\t\t\t\t\t\t\t\t\t\t<img decoding=\"async\" width=\"2560\" height=\"1707\" src=\"https:\/\/haromgalamb.com\/wp-content\/uploads\/2025\/06\/Eni-scaled.jpg\" class=\"attachment-full size-full wp-image-22935\" alt=\"\" srcset=\"https:\/\/haromgalamb.com\/wp-content\/uploads\/2025\/06\/Eni-scaled.jpg 2560w, https:\/\/haromgalamb.com\/wp-content\/uploads\/2025\/06\/Eni-300x200.jpg 300w, https:\/\/haromgalamb.com\/wp-content\/uploads\/2025\/06\/Eni-1024x683.jpg 1024w, https:\/\/haromgalamb.com\/wp-content\/uploads\/2025\/06\/Eni-768x512.jpg 768w, https:\/\/haromgalamb.com\/wp-content\/uploads\/2025\/06\/Eni-1536x1024.jpg 1536w, https:\/\/haromgalamb.com\/wp-content\/uploads\/2025\/06\/Eni-2048x1365.jpg 2048w, https:\/\/haromgalamb.com\/wp-content\/uploads\/2025\/06\/Eni-1568x1045.jpg 1568w\" sizes=\"(max-width: 34.9rem) calc(100vw - 2rem), (max-width: 53rem) calc(8 * (100vw \/ 12)), (min-width: 53rem) calc(6 * (100vw \/ 12)), 100vw\" \/>\t\t\t\t\t\t\t\t\t\t\t\t\t\t\t<\/div>\n\t\t\t\t<\/div>\n\t\t\t\t\t<\/div>\n\t\t<\/div>\n\t\t\t\t<div class=\"elementor-column elementor-col-50 elementor-inner-column elementor-element elementor-element-15ac342\" data-id=\"15ac342\" data-element_type=\"column\" data-e-type=\"column\">\n\t\t\t<div class=\"elementor-widget-wrap elementor-element-populated\">\n\t\t\t\t\t\t<div class=\"elementor-element elementor-element-6c9c3b5 elementor-invisible elementor-widget elementor-widget-heading\" data-id=\"6c9c3b5\" data-element_type=\"widget\" data-e-type=\"widget\" data-settings=\"{&quot;_animation&quot;:&quot;fadeInUp&quot;}\" data-widget_type=\"heading.default\">\n\t\t\t\t<div class=\"elementor-widget-container\">\n\t\t\t\t\t<h2 class=\"elementor-heading-title elementor-size-default\">Eni<\/h2>\t\t\t\t<\/div>\n\t\t\t\t<\/div>\n\t\t\t\t<div class=\"elementor-element elementor-element-997171c elementor-invisible elementor-widget elementor-widget-text-editor\" data-id=\"997171c\" data-element_type=\"widget\" data-e-type=\"widget\" data-settings=\"{&quot;_animation&quot;:&quot;fadeInUp&quot;}\" data-widget_type=\"text-editor.default\">\n\t\t\t\t<div class=\"elementor-widget-container\">\n\t\t\t\t\t\t\t\t\t<p>Eni are 27 de ani \u0219i particip\u0103 la activit\u0103\u021bile noastre de patru ani. Dup\u0103 cum spun p\u0103rin\u021bii ei: \u201eH\u00e1rom Galamb este cel mai bun lucru care ni s-a \u00eent\u00e2mplat vreodat\u0103!\u201d<br>Eni este o t\u00e2n\u0103r\u0103 care are nevoie de aten\u021bie \u0219i supraveghere constant\u0103, pentru care activitatea fizic\u0103, compania celorlal\u021bi \u0219i munca manual\u0103 sunt esen\u021biale. Ea nu a avut acces la un sistem educa\u021bional adaptat nevoilor sale. La H\u00e1rom Galamb a \u00eent\u00e2lnit pentru prima dat\u0103 un program de dezvoltare structurat \u0219i regulat, prin care se dezvolt\u0103 continuu \u0219i prime\u0219te zilnic feedback legat de participarea sa.<br>Sim\u021bul umorului \u0219i formul\u0103rile ei pline de spirit au fost, \u00eenc\u0103 de la \u00eenceput, o sc\u00e2nteie indispensabil\u0103 \u00een echip\u0103.    <\/p>\t\t\t\t\t\t\t\t<\/div>\n\t\t\t\t<\/div>\n\t\t\t\t\t<\/div>\n\t\t<\/div>\n\t\t\t\t\t<\/div>\n\t\t<\/section>\n\t\t\t\t<section class=\"elementor-section elementor-inner-section elementor-element elementor-element-4a9555f elementor-section-content-middle elementor-reverse-mobile elementor-section-boxed elementor-section-height-default elementor-section-height-default\" data-id=\"4a9555f\" data-element_type=\"section\" data-e-type=\"section\">\n\t\t\t\t\t\t<div class=\"elementor-container elementor-column-gap-extended\">\n\t\t\t\t\t<div class=\"elementor-column elementor-col-50 elementor-inner-column elementor-element elementor-element-16ea82a\" data-id=\"16ea82a\" data-element_type=\"column\" data-e-type=\"column\">\n\t\t\t<div class=\"elementor-widget-wrap elementor-element-populated\">\n\t\t\t\t\t\t<div class=\"elementor-element elementor-element-a079cbf elementor-invisible elementor-widget elementor-widget-heading\" data-id=\"a079cbf\" data-element_type=\"widget\" data-e-type=\"widget\" data-settings=\"{&quot;_animation&quot;:&quot;fadeInUp&quot;}\" data-widget_type=\"heading.default\">\n\t\t\t\t<div class=\"elementor-widget-container\">\n\t\t\t\t\t<h2 class=\"elementor-heading-title elementor-size-default\">Norbi<\/h2>\t\t\t\t<\/div>\n\t\t\t\t<\/div>\n\t\t\t\t<div class=\"elementor-element elementor-element-2a2b813 elementor-invisible elementor-widget elementor-widget-text-editor\" data-id=\"2a2b813\" data-element_type=\"widget\" data-e-type=\"widget\" data-settings=\"{&quot;_animation&quot;:&quot;fadeInUp&quot;}\" data-widget_type=\"text-editor.default\">\n\t\t\t\t<div class=\"elementor-widget-container\">\n\t\t\t\t\t\t\t\t\t<p>Norbi este un t\u00e2n\u0103r de 28 de ani, plin de via\u021b\u0103 \u0219i dornic s\u0103 \u00eenve\u021be, a c\u0103rui identitate masculin\u0103 se contureaz\u0103 treptat prin munca desf\u0103\u0219urat\u0103 la H\u00e1rom Galamb.<br>Dup\u0103 o perioad\u0103 de \u0219colarizare incluziv\u0103 f\u0103r\u0103 sprijin adecvat, a petrecut \u0219ase ani acas\u0103, iar \u00een acel moment a \u00eenceput s\u0103 ia parte la activit\u0103\u021bile H\u00e1rom Galamb. Datorit\u0103 programului nostru individualizat, Norbi a avut ocazia s\u0103 se perceap\u0103 pe sine mai realist ca membru al unui grup. Prin experimentarea at\u00e2t a abilit\u0103\u021bilor, c\u00e2t \u0219i a limit\u0103rilor sale, a putut porni pe drumul descoperirii poten\u021bialului s\u0103u real \u0219i personal.<br>Din feedback-ul primit de la familia lui \u0219tim c\u0103 a f\u0103cut progrese semnificative \u0219i \u00een ceea ce prive\u0219te asumarea responsabilit\u0103\u021bilor acas\u0103 \u0219i dob\u00e2ndirea unei mai mari independen\u021be.   <\/p>\t\t\t\t\t\t\t\t<\/div>\n\t\t\t\t<\/div>\n\t\t\t\t\t<\/div>\n\t\t<\/div>\n\t\t\t\t<div class=\"elementor-column elementor-col-50 elementor-inner-column elementor-element elementor-element-0731333\" data-id=\"0731333\" data-element_type=\"column\" data-e-type=\"column\">\n\t\t\t<div class=\"elementor-widget-wrap elementor-element-populated\">\n\t\t\t\t\t\t<div class=\"elementor-element elementor-element-cd50cb2 elementor-invisible elementor-widget elementor-widget-image\" data-id=\"cd50cb2\" data-element_type=\"widget\" data-e-type=\"widget\" data-settings=\"{&quot;motion_fx_motion_fx_scrolling&quot;:&quot;yes&quot;,&quot;motion_fx_scale_effect&quot;:&quot;yes&quot;,&quot;motion_fx_scale_speed&quot;:{&quot;unit&quot;:&quot;px&quot;,&quot;size&quot;:2,&quot;sizes&quot;:[]},&quot;_animation&quot;:&quot;fadeIn&quot;,&quot;motion_fx_scale_direction&quot;:&quot;out-in&quot;,&quot;motion_fx_scale_range&quot;:{&quot;unit&quot;:&quot;%&quot;,&quot;size&quot;:&quot;&quot;,&quot;sizes&quot;:{&quot;start&quot;:20,&quot;end&quot;:80}},&quot;motion_fx_devices&quot;:[&quot;desktop&quot;,&quot;tablet&quot;,&quot;mobile&quot;]}\" data-widget_type=\"image.default\">\n\t\t\t\t<div class=\"elementor-widget-container\">\n\t\t\t\t\t\t\t\t\t\t\t\t\t\t\t<img loading=\"lazy\" decoding=\"async\" width=\"2391\" height=\"2560\" src=\"https:\/\/haromgalamb.com\/wp-content\/uploads\/2025\/06\/Norbi-scaled.jpg\" class=\"attachment-full size-full wp-image-22941\" alt=\"\" srcset=\"https:\/\/haromgalamb.com\/wp-content\/uploads\/2025\/06\/Norbi-scaled.jpg 2391w, https:\/\/haromgalamb.com\/wp-content\/uploads\/2025\/06\/Norbi-280x300.jpg 280w, https:\/\/haromgalamb.com\/wp-content\/uploads\/2025\/06\/Norbi-956x1024.jpg 956w, https:\/\/haromgalamb.com\/wp-content\/uploads\/2025\/06\/Norbi-768x822.jpg 768w, https:\/\/haromgalamb.com\/wp-content\/uploads\/2025\/06\/Norbi-1435x1536.jpg 1435w, https:\/\/haromgalamb.com\/wp-content\/uploads\/2025\/06\/Norbi-1913x2048.jpg 1913w, https:\/\/haromgalamb.com\/wp-content\/uploads\/2025\/06\/Norbi-1568x1679.jpg 1568w\" sizes=\"(max-width: 34.9rem) calc(100vw - 2rem), (max-width: 53rem) calc(8 * (100vw \/ 12)), (min-width: 53rem) calc(6 * (100vw \/ 12)), 100vw\" \/>\t\t\t\t\t\t\t\t\t\t\t\t\t\t\t<\/div>\n\t\t\t\t<\/div>\n\t\t\t\t\t<\/div>\n\t\t<\/div>\n\t\t\t\t\t<\/div>\n\t\t<\/section>\n\t\t\t\t\t<\/div>\n\t\t<\/div>\n\t\t\t\t\t<\/div>\n\t\t<\/section>\n\t\t\t\t<\/div>\n\t\t","protected":false},"excerpt":{"rendered":"<p>Pove\u0219ti Blanka Blanka este un pionier al H\u00e1rom Galamb.Blanka a urmat o \u0219coal\u0103 special\u0103 p\u00e2n\u0103 la v\u00e2rsta de 18 ani. C\u0103l\u0103tore\u0219te 50 de kilometri pentru a ajunge la centrul nostru de activit\u0103\u021bi, care este cel mai apropiat pentru ea. Are nevoie de un cadru sigur, clar structurat, un ritm stabil \u0219i un personal care o [&hellip;]<\/p>\n","protected":false},"author":1,"featured_media":0,"parent":0,"menu_order":0,"comment_status":"closed","ping_status":"closed","template":"elementor_header_footer","meta":{"_acf_changed":false,"footnotes":""},"class_list":["post-22947","page","type-page","status-publish","hentry","entry"],"acf":[],"_links":{"self":[{"href":"https:\/\/haromgalamb.com\/ro\/wp-json\/wp\/v2\/pages\/22947","targetHints":{"allow":["GET"]}}],"collection":[{"href":"https:\/\/haromgalamb.com\/ro\/wp-json\/wp\/v2\/pages"}],"about":[{"href":"https:\/\/haromgalamb.com\/ro\/wp-json\/wp\/v2\/types\/page"}],"author":[{"embeddable":true,"href":"https:\/\/haromgalamb.com\/ro\/wp-json\/wp\/v2\/users\/1"}],"replies":[{"embeddable":true,"href":"https:\/\/haromgalamb.com\/ro\/wp-json\/wp\/v2\/comments?post=22947"}],"version-history":[{"count":0,"href":"https:\/\/haromgalamb.com\/ro\/wp-json\/wp\/v2\/pages\/22947\/revisions"}],"wp:attachment":[{"href":"https:\/\/haromgalamb.com\/ro\/wp-json\/wp\/v2\/media?parent=22947"}],"curies":[{"name":"wp","href":"https:\/\/api.w.org\/{rel}","templated":true}]}}